{"id":299,"date":"2020-06-19T20:54:27","date_gmt":"2020-06-19T20:54:27","guid":{"rendered":"https:\/\/xarxacuide.com\/?page_id=299"},"modified":"2023-03-10T09:49:39","modified_gmt":"2023-03-10T09:49:39","slug":"que-hacemos","status":"publish","type":"page","link":"https:\/\/xarxacuide.com\/val\/que-hacemos\/","title":{"rendered":"Qu\u00e8 fem"},"content":{"rendered":"<p>[et_pb_section fb_built=\u00bb1&#8243; admin_label=\u00bbHero\u00bb _builder_version=\u00bb4.17.4&#8243; _module_preset=\u00bbdefault\u00bb custom_margin=\u00bb||0px||false|false\u00bb custom_padding=\u00bb0|0px|0px|0px|false|false\u00bb bottom_divider_height=\u00bb0px\u00bb border_color_bottom=\u00bb#efefef\u00bb global_colors_info=\u00bb{}\u00bb][et_pb_row column_structure=\u00bb1_2,1_2&#8243; _builder_version=\u00bb4.17.4&#8243; _module_preset=\u00bbdefault\u00bb width=\u00bb100%\u00bb max_width=\u00bb100%\u00bb custom_margin=\u00bb|||\u00bb custom_margin_tablet=\u00bb||0px|\u00bb custom_margin_phone=\u00bb\u00bb custom_margin_last_edited=\u00bbon|desktop\u00bb custom_padding=\u00bb0|0px|0px|0px|false|false\u00bb use_custom_width=\u00bbon\u00bb width_unit=\u00bboff\u00bb custom_width_percent=\u00bb100%\u00bb global_colors_info=\u00bb{}\u00bb][et_pb_column type=\u00bb1_2&#8243; _builder_version=\u00bb4.16&#8243; _module_preset=\u00bbdefault\u00bb custom_padding=\u00bb6%||6%|12%\u00bb custom_padding_tablet=\u00bb50px|50px|50px|50px\u00bb custom_padding_phone=\u00bb50px|50px|50px|50px\u00bb custom_padding_last_edited=\u00bbon|tablet\u00bb global_colors_info=\u00bb{}\u00bb padding_tablet=\u00bb50px|50px|50px|50px\u00bb padding_last_edited=\u00bbon|tablet\u00bb custom_padding__hover=\u00bb|||\u00bb padding_phone=\u00bb50px|50px|50px|50px\u00bb][et_pb_text _builder_version=\u00bb4.17.4&#8243; _module_preset=\u00bbdefault\u00bb text_font=\u00bbMontserrat|300|||||||\u00bb text_text_color=\u00bb#677a92&#8243; text_font_size=\u00bb16px\u00bb header_font_size=\u00bb40px\u00bb header_line_height=\u00bb1.3em\u00bb header_2_font=\u00bb||||||||\u00bb max_width=\u00bb600px\u00bb custom_margin=\u00bb|||\u00bb custom_margin_tablet=\u00bb0px|50px||50px\u00bb custom_margin_phone=\u00bb|20px||\u00bb custom_margin_last_edited=\u00bboff|desktop\u00bb custom_padding=\u00bb|||\u00bb text_line_height_tablet=\u00bb1.8em\u00bb text_line_height_phone=\u00bb1.8em\u00bb text_line_height_last_edited=\u00bbon|phone\u00bb header_font_size_tablet=\u00bb\u00bb header_font_size_phone=\u00bb36px\u00bb header_font_size_last_edited=\u00bbon|phone\u00bb header_2_font_size_phone=\u00bb30px\u00bb header_2_font_size_last_edited=\u00bboff|desktop\u00bb locked=\u00bboff\u00bb global_colors_info=\u00bb{}\u00bb]<\/p>\n<h1>\n\u00bfQu\u00e9 hacemos?<br \/>\n<\/h1>\n<p>[\/et_pb_text][et_pb_text _builder_version=\u00bb4.17.4&#8243; _module_preset=\u00bbdefault\u00bb text_font=\u00bbMontserrat||||||||\u00bb text_font_size=\u00bb16px\u00bb link_font=\u00bb||||||||\u00bb ul_font=\u00bb||||||||\u00bb ol_font=\u00bb||||||||\u00bb quote_font=\u00bb||||||||\u00bb header_font=\u00bb||||||||\u00bb header_2_font=\u00bbMontserrat|300|||||||\u00bb header_2_text_color=\u00bb#212d3b\u00bb header_2_font_size=\u00bb40px\u00bb header_2_line_height=\u00bb1.5em\u00bb max_width=\u00bb600px\u00bb custom_margin=\u00bb|||\u00bb custom_margin_tablet=\u00bb0px|50px||50px\u00bb custom_margin_last_edited=\u00bboff|desktop\u00bb custom_padding=\u00bb|||\u00bb locked=\u00bboff\u00bb global_colors_info=\u00bb{}\u00bb]<\/p>\n<p>Xarxa Cuide pretende ser una red que permita a personas cuidadoras y\/o en situaci\u00f3n de p\u00e9rdida de su autonom\u00eda personal poder encontrar lo que necesitan.<\/p>\n<p>Nos hemos dado cuenta que las personas que se encuentran, ya sea de forma cong\u00e9nita o sobrevenida, ante un diagn\u00f3stico m\u00e9dico que de repente supone un cambio brusco en la vida, tanto personal, familiar y social, suelen tener que atravesar un recorrido muchas veces infructuoso de soledad, dificultades para contactar con personas que puedan escucharles, resolver dudas, encontrar informaci\u00f3n validada, conocer derechos y recursos a los que se puede acceder y un sin fin de emociones que sabemos que bien acompa\u00f1adas se llevan mucho mejor.<\/p>\n<p>[\/et_pb_text][et_pb_button button_url=\u00bb@ET-DC@eyJkeW5hbWljIjp0cnVlLCJjb250ZW50IjoicG9zdF9saW5rX3VybF9wYWdlIiwic2V0dGluZ3MiOnsicG9zdF9pZCI6IjI2MiJ9fQ==@\u00bb button_text=\u00bbCon\u00f3cenos\u00bb button_alignment=\u00bbleft\u00bb _builder_version=\u00bb4.17.4&#8243; _dynamic_attributes=\u00bbbutton_url\u00bb _module_preset=\u00bbdefault\u00bb custom_button=\u00bbon\u00bb button_text_size=\u00bb16px\u00bb button_bg_color=\u00bb#23ce6b\u00bb button_border_width=\u00bb16px\u00bb button_border_color=\u00bb#23ce6b\u00bb button_border_radius=\u00bb100px\u00bb button_letter_spacing=\u00bb1px\u00bb button_font=\u00bbBaloo 2|700||on|||||\u00bb background_layout=\u00bbdark\u00bb custom_margin=\u00bb|||\u00bb custom_padding=\u00bb|||\u00bb locked=\u00bboff\u00bb global_colors_info=\u00bb{}\u00bb button_text_size__hover_enabled=\u00bboff\u00bb button_one_text_size__hover_enabled=\u00bboff\u00bb button_two_text_size__hover_enabled=\u00bboff\u00bb button_text_color__hover_enabled=\u00bboff\u00bb button_one_text_color__hover_enabled=\u00bboff\u00bb button_two_text_color__hover_enabled=\u00bboff\u00bb button_border_width__hover_enabled=\u00bboff\u00bb button_one_border_width__hover_enabled=\u00bboff\u00bb button_two_border_width__hover_enabled=\u00bboff\u00bb button_border_color__hover_enabled=\u00bboff\u00bb button_one_border_color__hover_enabled=\u00bboff\u00bb button_two_border_color__hover_enabled=\u00bboff\u00bb button_border_radius__hover_enabled=\u00bboff\u00bb button_one_border_radius__hover_enabled=\u00bboff\u00bb button_two_border_radius__hover_enabled=\u00bboff\u00bb button_letter_spacing__hover_enabled=\u00bboff\u00bb button_one_letter_spacing__hover_enabled=\u00bboff\u00bb button_two_letter_spacing__hover_enabled=\u00bboff\u00bb button_bg_color__hover_enabled=\u00bboff\u00bb button_one_bg_color__hover_enabled=\u00bboff\u00bb button_two_bg_color__hover_enabled=\u00bboff\u00bb][\/et_pb_button][\/et_pb_column][et_pb_column type=\u00bb1_2&#8243; _builder_version=\u00bb4.16&#8243; _module_preset=\u00bbdefault\u00bb custom_padding=\u00bb|||\u00bb global_colors_info=\u00bb{}\u00bb custom_padding__hover=\u00bb|||\u00bb][et_pb_image src=\u00bbhttp:\/\/xarxacuide.com\/wp-content\/uploads\/2023\/02\/Ayuda-a-persona-con-discapacidad.png\u00bb alt=\u00bbAyuda a persona con discapacidad\u00bb title_text=\u00bbAyuda a persona con discapacidad\u00bb force_fullwidth=\u00bbon\u00bb align_tablet=\u00bbcenter\u00bb align_phone=\u00bbcenter\u00bb align_last_edited=\u00bbon|desktop\u00bb _builder_version=\u00bb4.17.4&#8243; _module_preset=\u00bbdefault\u00bb custom_margin=\u00bb|||\u00bb custom_padding=\u00bb|||\u00bb hover_enabled=\u00bb0&#8243; border_radii=\u00bb|24vw|||24vw\u00bb border_color_all=\u00bb#d1297a\u00bb border_width_left=\u00bb2vw\u00bb box_shadow_style=\u00bbpreset4&#8243; box_shadow_horizontal=\u00bb-30px\u00bb box_shadow_spread=\u00bb-10px\u00bb box_shadow_color=\u00bb#eb99c0&#8243; global_colors_info=\u00bb{}\u00bb custom_margin_last_edited=\u00bbon|tablet\u00bb custom_margin_tablet=\u00bb||10%||false|false\u00bb sticky_enabled=\u00bb0&#8243; custom_margin_phone=\u00bb||10%||false|false\u00bb][\/et_pb_image][\/et_pb_column][\/et_pb_row][\/et_pb_section][et_pb_section fb_built=\u00bb1&#8243; use_custom_gutter=\u00bbon\u00bb gutter_width=\u00bb2&#8243; specialty=\u00bbon\u00bb padding_top_2=\u00bb20px\u00bb padding_right_2=\u00bb5%\u00bb padding_2_tablet=\u00bb0px|10%||10%||true\u00bb padding_2_phone=\u00bb\u00bb padding_2_last_edited=\u00bbon|tablet\u00bb _builder_version=\u00bb4.17.4&#8243; _module_preset=\u00bbdefault\u00bb inner_width=\u00bb100%\u00bb inner_max_width=\u00bb100%\u00bb custom_margin=\u00bb0px||||false|false\u00bb custom_padding=\u00bb0px||||false|false\u00bb use_custom_width=\u00bbon\u00bb width_unit=\u00bboff\u00bb custom_width_percent=\u00bb100%\u00bb global_colors_info=\u00bb{}\u00bb][et_pb_column type=\u00bb1_3&#8243; _builder_version=\u00bb4.16&#8243; _module_preset=\u00bbdefault\u00bb custom_padding=\u00bb|||\u00bb global_colors_info=\u00bb{}\u00bb custom_padding__hover=\u00bb|||\u00bb][et_pb_image src=\u00bbhttp:\/\/xarxacuide.com\/wp-content\/uploads\/2023\/02\/En-Xarxa-Cuide-nos-cuidamos.png\u00bb title_text=\u00bbEn Xarxa Cuide nos cuidamos\u00bb align_tablet=\u00bbcenter\u00bb align_phone=\u00bbcenter\u00bb align_last_edited=\u00bbon|desktop\u00bb _builder_version=\u00bb4.17.4&#8243; _module_preset=\u00bbdefault\u00bb custom_margin=\u00bb|||\u00bb custom_padding=\u00bb|||\u00bb animation_style=\u00bbslide\u00bb animation_direction=\u00bbright\u00bb animation_intensity_slide=\u00bb5%\u00bb border_radii=\u00bb||30px|15vw|\u00bb border_color_all=\u00bb#d1297a\u00bb border_width_bottom=\u00bb2vw\u00bb box_shadow_style=\u00bbpreset3&#8243; box_shadow_vertical=\u00bb30px\u00bb box_shadow_blur=\u00bb80px\u00bb box_shadow_spread=\u00bb-30px\u00bb box_shadow_color=\u00bbrgba(102,141,186,0.7)\u00bb locked=\u00bboff\u00bb global_colors_info=\u00bb{}\u00bb][\/et_pb_image][\/et_pb_column][et_pb_column type=\u00bb2_3&#8243; specialty_columns=\u00bb2&#8243; _builder_version=\u00bb4.16&#8243; _module_preset=\u00bbdefault\u00bb custom_padding=\u00bb|||\u00bb global_colors_info=\u00bb{}\u00bb padding_tablet=\u00bb0px|10%||10%||true\u00bb padding_last_edited=\u00bbon|tablet\u00bb custom_padding__hover=\u00bb|||\u00bb padding_phone=\u00bb0px|10%||10%||true\u00bb][et_pb_row_inner _builder_version=\u00bb4.17.4&#8243; _module_preset=\u00bbdefault\u00bb global_colors_info=\u00bb{}\u00bb][et_pb_column_inner saved_specialty_column_type=\u00bb2_3&#8243; _builder_version=\u00bb4.17.4&#8243; _module_preset=\u00bbdefault\u00bb global_colors_info=\u00bb{}\u00bb][et_pb_text _builder_version=\u00bb4.17.4&#8243; _module_preset=\u00bbdefault\u00bb text_font_size=\u00bb16px\u00bb global_colors_info=\u00bb{}\u00bb]Por eso, un grupo de personas que llevamos un recorrido importante en sus historias personales y que saben lo que es pasar por todas esas vicisitudes, nos hemos lanzado en intentar crear una plataforma que permita evitar a muchos otros que vienen detr\u00e1s el tener que pasar por el calvario de la incertidumbre gratuitamente. Queremos concentrar en un \u00fanico lugar, en la medida de nuestras posibilidades, toda aquella informaci\u00f3n y apoyo que nos sea posible para mejorar la vida y el bienestar de todas las personas que atraviesan cambios importantes provocados por lo que al final no deja de ser parte de la vida. Aquella que nos sit\u00faa en un plano diferente pero no por ello falto de oportunidades.<\/p>\n<p>No estamos solos. Esta red quiere contar con la ayuda y el apoyo de los profesionales que ya est\u00e1n en los servicios p\u00fablicos y privados, con las entidades que tan buena y grata labor realizan y contigo si quieres acompa\u00f1arnos.<\/p>\n<p>Somos conscientes que no responderemos al 100% de tus necesidades, pero con tu ayuda seguro que nos acercaremos. Si hay algo que te hace falta y no lo encuentras, d\u00ednoslo. La red se pondr\u00e1 en marcha para facilitarlo. Cuenta con nosotros.[\/et_pb_text][et_pb_button button_url=\u00bb@ET-DC@eyJkeW5hbWljIjp0cnVlLCJjb250ZW50IjoicG9zdF9saW5rX3VybF9wYWdlIiwic2V0dGluZ3MiOnsicG9zdF9pZCI6IjI2NCJ9fQ==@\u00bb button_text=\u00bbcontacta con nosotros\u00bb button_alignment=\u00bbleft\u00bb _builder_version=\u00bb4.17.4&#8243; _dynamic_attributes=\u00bbbutton_url\u00bb _module_preset=\u00bbdefault\u00bb custom_button=\u00bbon\u00bb button_text_size=\u00bb16px\u00bb button_bg_color=\u00bb#23ce6b\u00bb button_border_width=\u00bb16px\u00bb button_border_color=\u00bb#23ce6b\u00bb button_border_radius=\u00bb100px\u00bb button_letter_spacing=\u00bb1px\u00bb button_font=\u00bbBaloo 2|700||on|||||\u00bb background_layout=\u00bbdark\u00bb custom_margin=\u00bb|||\u00bb custom_padding=\u00bb|||\u00bb locked=\u00bboff\u00bb global_colors_info=\u00bb{}\u00bb button_text_size__hover_enabled=\u00bboff\u00bb button_one_text_size__hover_enabled=\u00bboff\u00bb button_two_text_size__hover_enabled=\u00bboff\u00bb button_text_color__hover_enabled=\u00bboff\u00bb button_one_text_color__hover_enabled=\u00bboff\u00bb button_two_text_color__hover_enabled=\u00bboff\u00bb button_border_width__hover_enabled=\u00bboff\u00bb button_one_border_width__hover_enabled=\u00bboff\u00bb button_two_border_width__hover_enabled=\u00bboff\u00bb button_border_color__hover_enabled=\u00bboff\u00bb button_one_border_color__hover_enabled=\u00bboff\u00bb button_two_border_color__hover_enabled=\u00bboff\u00bb button_border_radius__hover_enabled=\u00bboff\u00bb button_one_border_radius__hover_enabled=\u00bboff\u00bb button_two_border_radius__hover_enabled=\u00bboff\u00bb button_letter_spacing__hover_enabled=\u00bboff\u00bb button_one_letter_spacing__hover_enabled=\u00bboff\u00bb button_two_letter_spacing__hover_enabled=\u00bboff\u00bb button_bg_color__hover_enabled=\u00bboff\u00bb button_one_bg_color__hover_enabled=\u00bboff\u00bb button_two_bg_color__hover_enabled=\u00bboff\u00bb][\/et_pb_button][\/et_pb_column_inner][\/et_pb_row_inner][\/et_pb_column][\/et_pb_section]<\/p>\n","protected":false},"excerpt":{"rendered":"<p>\u00bfQu\u00e9 hacemos? Xarxa Cuide pretende ser una red que permita a personas cuidadoras y\/o en situaci\u00f3n de p\u00e9rdida de su autonom\u00eda personal poder encontrar lo que necesitan. Nos hemos dado cuenta que las personas que se encuentran, ya sea de forma cong\u00e9nita o sobrevenida, ante un diagn\u00f3stico m\u00e9dico que de repente supone un cambio brusco [&hellip;]<\/p>\n","protected":false},"author":1,"featured_media":0,"parent":0,"menu_order":0,"comment_status":"closed","ping_status":"closed","template":"","meta":{"_et_pb_use_builder":"on","_et_pb_old_content":"<h2>\u00bfQu\u00e9 hacemos?<\/h2>\t\t\n\t\t<p>Xarxa Cuide pretende ser una red que permita a personas cuidadoras y\/o en situaci\u00f3n de p\u00e9rdida de su autonom\u00eda personal poder encontrar lo que necesitan.<\/p><p>Nos hemos dado cuenta que las personas que se encuentran, ya sea de forma cong\u00e9nita o sobrevenida, ante un diagn\u00f3stico m\u00e9dico que de repente supone un cambio brusco en la vida, tanto personal, familiar y social, suelen tener que atravesar un recorrido muchas veces infructuoso de soledad, dificultades para contactar con personas que puedan escucharles, resolver dudas, encontrar informaci\u00f3n validada, conocer derechos y recursos a los que se puede acceder y un sin fin de emociones que sabemos que bien acompa\u00f1adas se llevan mucho mejor.<\/p><p>Por eso, un grupo de personas que llevamos un recorrido importante en sus historias personales y que saben lo que es pasar por todas esas vicisitudes, nos hemos lanzado en intentar crear una plataforma que permita evitar a muchos otros que vienen detr\u00e1s el tener que pasar por el calvario de la incertidumbre gratuitamente. Queremos concentrar en un \u00fanico lugar, en la medida de nuestras posibilidades, toda aquella informaci\u00f3n y apoyo que nos sea posible para mejorar la vida y el bienestar de todas las personas que atraviesan cambios importantes provocados por lo que al final no deja de ser parte de la vida. Aquella que nos sit\u00faa en un plano diferente pero no por ello falto de oportunidades.<\/p><p>No estamos solos. Esta red quiere contar con la ayuda y el apoyo de los profesionales que ya est\u00e1n en los servicios p\u00fablicos y privados, con las entidades que tan buena y grata labor realizan y contigo si quieres acompa\u00f1arnos.<\/p><p>Somos conscientes que no responderemos al 100% de tus necesidades, pero con tu ayuda seguro que nos acercaremos. Si hay algo que te hace falta y no lo encuentras, d\u00ednoslo. La red se pondr\u00e1 en marcha para facilitarlo. Cuenta con nosotros.<\/p>","_et_gb_content_width":"","_joinchat":[],"footnotes":""},"class_list":["post-299","page","type-page","status-publish","hentry"],"yoast_head":"<!-- This site is optimized with the Yoast SEO plugin v27.6 - https:\/\/yoast.com\/product\/yoast-seo-wordpress\/ -->\n<title>Qu\u00e9 hacemos - ASSOCIACI\u00d3 XARXA CUIDE<\/title>\n<meta name=\"robots\" content=\"index, follow, max-snippet:-1, max-image-preview:large, max-video-preview:-1\" \/>\n<link rel=\"canonical\" href=\"https:\/\/xarxacuide.com\/val\/que-hacemos\/\" \/>\n<meta property=\"og:locale\" content=\"en_US\" \/>\n<meta property=\"og:type\" content=\"article\" \/>\n<meta property=\"og:title\" content=\"Qu\u00e9 hacemos - ASSOCIACI\u00d3 XARXA CUIDE\" \/>\n<meta property=\"og:description\" content=\"\u00bfQu\u00e9 hacemos? Xarxa Cuide pretende ser una red que permita a personas cuidadoras y\/o en situaci\u00f3n de p\u00e9rdida de su autonom\u00eda personal poder encontrar lo que necesitan. Nos hemos dado cuenta que las personas que se encuentran, ya sea de forma cong\u00e9nita o sobrevenida, ante un diagn\u00f3stico m\u00e9dico que de repente supone un cambio brusco [&hellip;]\" \/>\n<meta property=\"og:url\" content=\"https:\/\/xarxacuide.com\/val\/que-hacemos\/\" \/>\n<meta property=\"og:site_name\" content=\"ASSOCIACI\u00d3 XARXA CUIDE\" \/>\n<meta property=\"article:publisher\" content=\"https:\/\/www.facebook.com\/AssociacioXarxaCuide\" \/>\n<meta property=\"article:modified_time\" content=\"2023-03-10T09:49:39+00:00\" \/>\n<meta name=\"twitter:card\" content=\"summary_large_image\" \/>\n<meta name=\"twitter:site\" content=\"@xarxacuide\" \/>\n<meta name=\"twitter:label1\" content=\"Est. reading time\" \/>\n\t<meta name=\"twitter:data1\" content=\"7 minutes\" \/>\n<script type=\"application\/ld+json\" class=\"yoast-schema-graph\">{\"@context\":\"https:\\\/\\\/schema.org\",\"@graph\":[{\"@type\":\"WebPage\",\"@id\":\"https:\\\/\\\/xarxacuide.com\\\/que-hacemos\\\/\",\"url\":\"https:\\\/\\\/xarxacuide.com\\\/que-hacemos\\\/\",\"name\":\"Qu\u00e9 hacemos - ASSOCIACI\u00d3 XARXA CUIDE\",\"isPartOf\":{\"@id\":\"https:\\\/\\\/xarxacuide.com\\\/#website\"},\"datePublished\":\"2020-06-19T20:54:27+00:00\",\"dateModified\":\"2023-03-10T09:49:39+00:00\",\"breadcrumb\":{\"@id\":\"https:\\\/\\\/xarxacuide.com\\\/que-hacemos\\\/#breadcrumb\"},\"inLanguage\":\"Val-esp\",\"potentialAction\":[{\"@type\":\"ReadAction\",\"target\":[\"https:\\\/\\\/xarxacuide.com\\\/que-hacemos\\\/\"]}]},{\"@type\":\"BreadcrumbList\",\"@id\":\"https:\\\/\\\/xarxacuide.com\\\/que-hacemos\\\/#breadcrumb\",\"itemListElement\":[{\"@type\":\"ListItem\",\"position\":1,\"name\":\"Portada\",\"item\":\"https:\\\/\\\/xarxacuide.com\\\/\"},{\"@type\":\"ListItem\",\"position\":2,\"name\":\"Qu\u00e9 hacemos\"}]},{\"@type\":\"WebSite\",\"@id\":\"https:\\\/\\\/xarxacuide.com\\\/#website\",\"url\":\"https:\\\/\\\/xarxacuide.com\\\/\",\"name\":\"ASSOCIACI\u00d3 XARXA CUIDE\",\"description\":\"Espacio creado para personas cuidadoras o en situaci\u00f3n de dependencia\",\"publisher\":{\"@id\":\"https:\\\/\\\/xarxacuide.com\\\/#organization\"},\"potentialAction\":[{\"@type\":\"SearchAction\",\"target\":{\"@type\":\"EntryPoint\",\"urlTemplate\":\"https:\\\/\\\/xarxacuide.com\\\/?s={search_term_string}\"},\"query-input\":{\"@type\":\"PropertyValueSpecification\",\"valueRequired\":true,\"valueName\":\"search_term_string\"}}],\"inLanguage\":\"Val-esp\"},{\"@type\":\"Organization\",\"@id\":\"https:\\\/\\\/xarxacuide.com\\\/#organization\",\"name\":\"ASSOCIACI\u00d3 XARXA CUIDE\",\"url\":\"https:\\\/\\\/xarxacuide.com\\\/\",\"logo\":{\"@type\":\"ImageObject\",\"inLanguage\":\"Val-esp\",\"@id\":\"https:\\\/\\\/xarxacuide.com\\\/#\\\/schema\\\/logo\\\/image\\\/\",\"url\":\"http:\\\/\\\/xarxacuide.com\\\/wp-content\\\/uploads\\\/2023\\\/02\\\/logo-xarxa-rosa.png\",\"contentUrl\":\"http:\\\/\\\/xarxacuide.com\\\/wp-content\\\/uploads\\\/2023\\\/02\\\/logo-xarxa-rosa.png\",\"width\":500,\"height\":239,\"caption\":\"ASSOCIACI\u00d3 XARXA CUIDE\"},\"image\":{\"@id\":\"https:\\\/\\\/xarxacuide.com\\\/#\\\/schema\\\/logo\\\/image\\\/\"},\"sameAs\":[\"https:\\\/\\\/www.facebook.com\\\/AssociacioXarxaCuide\",\"https:\\\/\\\/x.com\\\/xarxacuide\",\"https:\\\/\\\/www.instagram.com\\\/associacio_xarxa_cuide\\\/\"]}]}<\/script>\n<!-- \/ Yoast SEO plugin. -->","yoast_head_json":{"title":"Qu\u00e9 hacemos - ASSOCIACI\u00d3 XARXA CUIDE","robots":{"index":"index","follow":"follow","max-snippet":"max-snippet:-1","max-image-preview":"max-image-preview:large","max-video-preview":"max-video-preview:-1"},"canonical":"https:\/\/xarxacuide.com\/val\/que-hacemos\/","og_locale":"en_US","og_type":"article","og_title":"Qu\u00e9 hacemos - ASSOCIACI\u00d3 XARXA CUIDE","og_description":"\u00bfQu\u00e9 hacemos? Xarxa Cuide pretende ser una red que permita a personas cuidadoras y\/o en situaci\u00f3n de p\u00e9rdida de su autonom\u00eda personal poder encontrar lo que necesitan. Nos hemos dado cuenta que las personas que se encuentran, ya sea de forma cong\u00e9nita o sobrevenida, ante un diagn\u00f3stico m\u00e9dico que de repente supone un cambio brusco [&hellip;]","og_url":"https:\/\/xarxacuide.com\/val\/que-hacemos\/","og_site_name":"ASSOCIACI\u00d3 XARXA CUIDE","article_publisher":"https:\/\/www.facebook.com\/AssociacioXarxaCuide","article_modified_time":"2023-03-10T09:49:39+00:00","twitter_card":"summary_large_image","twitter_site":"@xarxacuide","twitter_misc":{"Est. reading time":"7 minutes"},"schema":{"@context":"https:\/\/schema.org","@graph":[{"@type":"WebPage","@id":"https:\/\/xarxacuide.com\/que-hacemos\/","url":"https:\/\/xarxacuide.com\/que-hacemos\/","name":"Qu\u00e9 hacemos - ASSOCIACI\u00d3 XARXA CUIDE","isPartOf":{"@id":"https:\/\/xarxacuide.com\/#website"},"datePublished":"2020-06-19T20:54:27+00:00","dateModified":"2023-03-10T09:49:39+00:00","breadcrumb":{"@id":"https:\/\/xarxacuide.com\/que-hacemos\/#breadcrumb"},"inLanguage":"Val-esp","potentialAction":[{"@type":"ReadAction","target":["https:\/\/xarxacuide.com\/que-hacemos\/"]}]},{"@type":"BreadcrumbList","@id":"https:\/\/xarxacuide.com\/que-hacemos\/#breadcrumb","itemListElement":[{"@type":"ListItem","position":1,"name":"Portada","item":"https:\/\/xarxacuide.com\/"},{"@type":"ListItem","position":2,"name":"Qu\u00e9 hacemos"}]},{"@type":"WebSite","@id":"https:\/\/xarxacuide.com\/#website","url":"https:\/\/xarxacuide.com\/","name":"ASSOCIACI\u00d3 XARXA CUIDE","description":"Espacio creado para personas cuidadoras o en situaci\u00f3n de dependencia","publisher":{"@id":"https:\/\/xarxacuide.com\/#organization"},"potentialAction":[{"@type":"SearchAction","target":{"@type":"EntryPoint","urlTemplate":"https:\/\/xarxacuide.com\/?s={search_term_string}"},"query-input":{"@type":"PropertyValueSpecification","valueRequired":true,"valueName":"search_term_string"}}],"inLanguage":"Val-esp"},{"@type":"Organization","@id":"https:\/\/xarxacuide.com\/#organization","name":"ASSOCIACI\u00d3 XARXA CUIDE","url":"https:\/\/xarxacuide.com\/","logo":{"@type":"ImageObject","inLanguage":"Val-esp","@id":"https:\/\/xarxacuide.com\/#\/schema\/logo\/image\/","url":"http:\/\/xarxacuide.com\/wp-content\/uploads\/2023\/02\/logo-xarxa-rosa.png","contentUrl":"http:\/\/xarxacuide.com\/wp-content\/uploads\/2023\/02\/logo-xarxa-rosa.png","width":500,"height":239,"caption":"ASSOCIACI\u00d3 XARXA CUIDE"},"image":{"@id":"https:\/\/xarxacuide.com\/#\/schema\/logo\/image\/"},"sameAs":["https:\/\/www.facebook.com\/AssociacioXarxaCuide","https:\/\/x.com\/xarxacuide","https:\/\/www.instagram.com\/associacio_xarxa_cuide\/"]}]}},"_links":{"self":[{"href":"https:\/\/xarxacuide.com\/val\/wp-json\/wp\/v2\/pages\/299","targetHints":{"allow":["GET"]}}],"collection":[{"href":"https:\/\/xarxacuide.com\/val\/wp-json\/wp\/v2\/pages"}],"about":[{"href":"https:\/\/xarxacuide.com\/val\/wp-json\/wp\/v2\/types\/page"}],"author":[{"embeddable":true,"href":"https:\/\/xarxacuide.com\/val\/wp-json\/wp\/v2\/users\/1"}],"replies":[{"embeddable":true,"href":"https:\/\/xarxacuide.com\/val\/wp-json\/wp\/v2\/comments?post=299"}],"version-history":[{"count":34,"href":"https:\/\/xarxacuide.com\/val\/wp-json\/wp\/v2\/pages\/299\/revisions"}],"predecessor-version":[{"id":7038,"href":"https:\/\/xarxacuide.com\/val\/wp-json\/wp\/v2\/pages\/299\/revisions\/7038"}],"wp:attachment":[{"href":"https:\/\/xarxacuide.com\/val\/wp-json\/wp\/v2\/media?parent=299"}],"curies":[{"name":"wp","href":"https:\/\/api.w.org\/{rel}","templated":true}]}}