{"id":4018,"date":"2021-03-02T11:00:12","date_gmt":"2021-03-02T11:00:12","guid":{"rendered":"https:\/\/xarxacuide.com\/?page_id=4018"},"modified":"2023-03-06T12:59:30","modified_gmt":"2023-03-06T12:59:30","slug":"haz-donacion","status":"publish","type":"page","link":"https:\/\/xarxacuide.com\/val\/haz-donacion\/","title":{"rendered":"Fes una donaci\u00f3"},"content":{"rendered":"<p>[et_pb_section fb_built=\u00bb1&#8243; admin_label=\u00bbHero\u00bb _builder_version=\u00bb4.16&#8243; custom_padding=\u00bb0|0px|54px|0px|false|false\u00bb bottom_divider_height=\u00bb0px\u00bb border_width_bottom=\u00bb1px\u00bb border_color_bottom=\u00bb#efefef\u00bb global_colors_info=\u00bb{}\u00bb _module_preset=\u00bbdefault\u00bb][et_pb_row _builder_version=\u00bb4.16&#8243; width=\u00bb100%\u00bb max_width=\u00bb100%\u00bb custom_margin=\u00bb|||\u00bb custom_margin_tablet=\u00bb||0px|\u00bb custom_margin_phone=\u00bb\u00bb custom_margin_last_edited=\u00bbon|desktop\u00bb custom_padding=\u00bb0|0px|27px|0px|false|false\u00bb use_custom_width=\u00bbon\u00bb width_unit=\u00bboff\u00bb custom_width_percent=\u00bb100%\u00bb global_colors_info=\u00bb{}\u00bb _module_preset=\u00bbdefault\u00bb column_structure=\u00bb1_2,1_2&#8243;][et_pb_column type=\u00bb1_2&#8243; _builder_version=\u00bb4.16&#8243; custom_padding=\u00bb6%||6%|12%\u00bb custom_padding_tablet=\u00bb50px|50px|50px|50px\u00bb custom_padding_last_edited=\u00bbon|tablet\u00bb global_colors_info=\u00bb{}\u00bb padding_tablet=\u00bb50px|50px|50px|50px\u00bb padding_last_edited=\u00bbon|tablet\u00bb custom_padding__hover=\u00bb|||\u00bb _module_preset=\u00bbdefault\u00bb custom_padding_phone=\u00bb50px|50px|50px|50px\u00bb padding_phone=\u00bb50px|50px|50px|50px\u00bb][et_pb_text _builder_version=\u00bb4.17.4&#8243; text_font=\u00bbMontserrat|300|||||||\u00bb text_text_color=\u00bb#677a92&#8243; text_font_size=\u00bb16px\u00bb header_font_size=\u00bb40px\u00bb header_line_height=\u00bb1.3em\u00bb header_2_font=\u00bb||||||||\u00bb max_width=\u00bb600px\u00bb custom_margin=\u00bb|||\u00bb custom_margin_tablet=\u00bb0px|50px||50px\u00bb custom_margin_phone=\u00bb|20px||\u00bb custom_margin_last_edited=\u00bboff|desktop\u00bb custom_padding=\u00bb|||\u00bb hover_enabled=\u00bb0&#8243; text_line_height_tablet=\u00bb1.8em\u00bb text_line_height_phone=\u00bb1.8em\u00bb text_line_height_last_edited=\u00bbon|phone\u00bb header_font_size_tablet=\u00bb\u00bb header_font_size_phone=\u00bb36px\u00bb header_font_size_last_edited=\u00bbon|phone\u00bb header_2_font_size_phone=\u00bb30px\u00bb header_2_font_size_last_edited=\u00bboff|desktop\u00bb locked=\u00bboff\u00bb global_colors_info=\u00bb{}\u00bb _module_preset=\u00bbdefault\u00bb sticky_enabled=\u00bb0&#8243;]<\/p>\n<h1>\n\u00bfNos haces una donaci\u00f3n?<br \/>\n<\/h1>\n<p>[\/et_pb_text][et_pb_text _builder_version=\u00bb4.17.4&#8243; text_font_size=\u00bb16px\u00bb text_line_height=\u00bb2em\u00bb link_font=\u00bb||||||||\u00bb ul_font=\u00bb||||||||\u00bb ol_font=\u00bb||||||||\u00bb quote_font=\u00bb||||||||\u00bb header_font=\u00bb||||||||\u00bb header_2_font=\u00bbMontserrat|300|||||||\u00bb header_2_text_color=\u00bb#212d3b\u00bb header_2_font_size=\u00bb40px\u00bb header_2_line_height=\u00bb1.5em\u00bb max_width=\u00bb600px\u00bb custom_margin_tablet=\u00bb0px|50px||50px\u00bb custom_margin_last_edited=\u00bboff|desktop\u00bb custom_padding=\u00bb|||\u00bb hover_enabled=\u00bb0&#8243; locked=\u00bboff\u00bb global_colors_info=\u00bb{}\u00bb _module_preset=\u00bbdefault\u00bb sticky_enabled=\u00bb0&#8243;]En Xarxa cuide no tenemos grandes gastos. Pero tambi\u00e9n es cierto que no tenemos grandes ingresos. Y como dicen que toda piedra hace pared, te animamos a que contribuyas con nosotros haciendo una donaci\u00f3n por peque\u00f1a que sea.<\/p>\n<p>Con el dinero de las donaciones podremos mantener los recursos para seguir haciendo nuestra labor de apoyo, orientaci\u00f3n y acompa\u00f1amiento a personas en situaci\u00f3n de dependencia y sus personas cuidadoras.[\/et_pb_text][et_pb_text _builder_version=\u00bb4.17.4&#8243; text_text_color=\u00bb#d1297a\u00bb text_font_size=\u00bb22px\u00bb text_line_height=\u00bb2em\u00bb link_font=\u00bb||||||||\u00bb ul_font=\u00bb||||||||\u00bb ol_font=\u00bb||||||||\u00bb quote_font=\u00bb||||||||\u00bb header_font=\u00bb||||||||\u00bb header_2_font=\u00bbMontserrat|300|||||||\u00bb header_2_text_color=\u00bb#212d3b\u00bb header_2_font_size=\u00bb40px\u00bb header_2_line_height=\u00bb1.5em\u00bb max_width=\u00bb600px\u00bb custom_padding=\u00bb|||\u00bb locked=\u00bboff\u00bb global_colors_info=\u00bb{}\u00bb _module_preset=\u00bbdefault\u00bb text_orientation=\u00bbcenter\u00bb hover_enabled=\u00bb0&#8243; sticky_enabled=\u00bb0&#8243;]No donas dinero por nosotros. Lo donas por ellos y por ellas.[\/et_pb_text][et_pb_button button_url=\u00bbhttps:\/\/www.paypal.com\/donate?hosted_button_id=8BXYRXLKVM9S4&#8243; url_new_window=\u00bbon\u00bb button_text=\u00bbDonar a trav\u00e9s de paypal o tarjeta de cr\u00e9dito\u00bb button_alignment=\u00bbleft\u00bb _builder_version=\u00bb4.17.4&#8243; _module_preset=\u00bbdefault\u00bb custom_button=\u00bbon\u00bb button_text_size=\u00bb16px\u00bb button_bg_color=\u00bb#23ce6b\u00bb button_border_width=\u00bb16px\u00bb button_border_color=\u00bb#23ce6b\u00bb button_border_radius=\u00bb100px\u00bb button_letter_spacing=\u00bb1px\u00bb button_font=\u00bbBaloo 2|700||on|||||\u00bb background_layout=\u00bbdark\u00bb custom_margin=\u00bb|||\u00bb custom_padding=\u00bb|||\u00bb hover_enabled=\u00bb0&#8243; locked=\u00bboff\u00bb global_colors_info=\u00bb{}\u00bb button_text_size__hover_enabled=\u00bboff\u00bb button_one_text_size__hover_enabled=\u00bboff\u00bb button_two_text_size__hover_enabled=\u00bboff\u00bb button_text_color__hover_enabled=\u00bboff\u00bb button_one_text_color__hover_enabled=\u00bboff\u00bb button_two_text_color__hover_enabled=\u00bboff\u00bb button_border_width__hover_enabled=\u00bboff\u00bb button_one_border_width__hover_enabled=\u00bboff\u00bb button_two_border_width__hover_enabled=\u00bboff\u00bb button_border_color__hover_enabled=\u00bboff\u00bb button_one_border_color__hover_enabled=\u00bboff\u00bb button_two_border_color__hover_enabled=\u00bboff\u00bb button_border_radius__hover_enabled=\u00bboff\u00bb button_one_border_radius__hover_enabled=\u00bboff\u00bb button_two_border_radius__hover_enabled=\u00bboff\u00bb button_letter_spacing__hover_enabled=\u00bboff\u00bb button_one_letter_spacing__hover_enabled=\u00bboff\u00bb button_two_letter_spacing__hover_enabled=\u00bboff\u00bb button_bg_color__hover_enabled=\u00bboff\u00bb button_one_bg_color__hover_enabled=\u00bboff\u00bb button_two_bg_color__hover_enabled=\u00bboff\u00bb sticky_enabled=\u00bb0&#8243;][\/et_pb_button][et_pb_text _builder_version=\u00bb4.17.4&#8243; _module_preset=\u00bbdefault\u00bb hover_enabled=\u00bb0&#8243; sticky_enabled=\u00bb0&#8243; text_font_size=\u00bb16px\u00bb text_line_height=\u00bb2em\u00bb]Si lo prefieres, puedes hacer tu donaci\u00f3n en nuestro n\u00famero de cuenta de Caixa Popular:      ES47 3159 0026 1127 4601 8627<\/p>\n<p> O mediante BIZUM al 05307<br \/>\n[\/et_pb_text][\/et_pb_column][et_pb_column type=\u00bb1_2&#8243; _builder_version=\u00bb4.16&#8243; custom_padding=\u00bb|||\u00bb global_colors_info=\u00bb{}\u00bb custom_padding__hover=\u00bb|||\u00bb _module_preset=\u00bbdefault\u00bb][et_pb_image src=\u00bbhttp:\/\/xarxacuide.com\/wp-content\/uploads\/2023\/03\/Donacion-Xarxa-Cuide.jpg\u00bb force_fullwidth=\u00bbon\u00bb align_tablet=\u00bbcenter\u00bb align_last_edited=\u00bbon|desktop\u00bb _builder_version=\u00bb4.17.4&#8243; custom_margin=\u00bb|||\u00bb custom_padding=\u00bb|||\u00bb animation_style=\u00bbslide\u00bb animation_direction=\u00bbtop\u00bb animation_intensity_slide=\u00bb5%\u00bb hover_enabled=\u00bb0&#8243; border_radii=\u00bb|20vw|||30px\u00bb border_color_all=\u00bb#0ee1f4&#8243; border_width_left=\u00bb2vw\u00bb border_color_left=\u00bb#d1297a\u00bb box_shadow_style=\u00bbpreset4&#8243; box_shadow_horizontal=\u00bb-30px\u00bb box_shadow_vertical=\u00bb0px\u00bb box_shadow_color=\u00bb#eb99c0&#8243; global_colors_info=\u00bb{}\u00bb _module_preset=\u00bbdefault\u00bb title_text=\u00bbDonacio\u0301n Xarxa Cuide\u00bb sticky_enabled=\u00bb0&#8243; align_phone=\u00bbcenter\u00bb][\/et_pb_image][\/et_pb_column][\/et_pb_row][\/et_pb_section]<\/p>\n","protected":false},"excerpt":{"rendered":"<p>\u00bfNos haces una donaci\u00f3n? En Xarxa cuide no tenemos grandes gastos. Pero tambi\u00e9n es cierto que no tenemos grandes ingresos. Y como dicen que toda piedra hace pared, te animamos a que contribuyas con nosotros haciendo una donaci\u00f3n por peque\u00f1a que sea. Con el dinero de las donaciones podremos mantener los recursos para seguir haciendo [&hellip;]<\/p>\n","protected":false},"author":1,"featured_media":0,"parent":0,"menu_order":0,"comment_status":"closed","ping_status":"closed","template":"","meta":{"_et_pb_use_builder":"on","_et_pb_old_content":"<h2>\u00bfNos haces una donaci\u00f3n?<\/h2>\nEn Xarxa cuide no tenemos grandes gastos. Pero tambi\u00e9n es cierto que no tenemos grandes ingresos. Y como dicen que toda piedra hace pared, te animamos a que contribuyas con nosotros haciendo una donaci\u00f3n por peque\u00f1a que sea.\n\nCon el dinero de las donaciones podremos mantener los recursos para seguir haciendo nuestra labor de apoyo, orientaci\u00f3n y acompa\u00f1amiento a personas en situaci\u00f3n de dependencia y sus personas cuidadoras.\n\nNo donas dinero por nosotros. Lo donas por ellos y por ellas.\n\n<a href=\"https:\/\/www.paypal.com\/donate?hosted_button_id=8BXYRXLKVM9S4\" target=\"_blank\" role=\"button\" rel=\"noopener\">\nDonar a Xarxa Cuide a trav\u00e9s de Paypal\n<\/a>\n\nSi lo prefieres, puedes hacer tu donaci\u00f3n en nuestro n\u00famero de cuenta de Caixa Popular:&nbsp;&nbsp;&nbsp;&nbsp;&nbsp; ES47 3159 0026 1127 4601 8627\n<p style=\"text-align: center;\">O mediante BIZUM al 05307<\/p>","_et_gb_content_width":"","_joinchat":[],"footnotes":""},"class_list":["post-4018","page","type-page","status-publish","hentry"],"yoast_head":"<!-- This site is optimized with the Yoast SEO plugin v27.4 - https:\/\/yoast.com\/product\/yoast-seo-wordpress\/ -->\n<title>Haz una donaci\u00f3n - ASSOCIACI\u00d3 XARXA CUIDE<\/title>\n<meta name=\"robots\" content=\"index, follow, max-snippet:-1, max-image-preview:large, max-video-preview:-1\" \/>\n<link rel=\"canonical\" href=\"https:\/\/xarxacuide.com\/val\/haz-donacion\/\" \/>\n<meta property=\"og:locale\" content=\"en_US\" \/>\n<meta property=\"og:type\" content=\"article\" \/>\n<meta property=\"og:title\" content=\"Haz una donaci\u00f3n - ASSOCIACI\u00d3 XARXA CUIDE\" \/>\n<meta property=\"og:description\" content=\"\u00bfNos haces una donaci\u00f3n? En Xarxa cuide no tenemos grandes gastos. Pero tambi\u00e9n es cierto que no tenemos grandes ingresos. Y como dicen que toda piedra hace pared, te animamos a que contribuyas con nosotros haciendo una donaci\u00f3n por peque\u00f1a que sea. Con el dinero de las donaciones podremos mantener los recursos para seguir haciendo [&hellip;]\" \/>\n<meta property=\"og:url\" content=\"https:\/\/xarxacuide.com\/val\/haz-donacion\/\" \/>\n<meta property=\"og:site_name\" content=\"ASSOCIACI\u00d3 XARXA CUIDE\" \/>\n<meta property=\"article:publisher\" content=\"https:\/\/www.facebook.com\/AssociacioXarxaCuide\" \/>\n<meta property=\"article:modified_time\" content=\"2023-03-06T12:59:30+00:00\" \/>\n<meta name=\"twitter:card\" content=\"summary_large_image\" \/>\n<meta name=\"twitter:site\" content=\"@xarxacuide\" \/>\n<meta name=\"twitter:label1\" content=\"Est. reading time\" \/>\n\t<meta name=\"twitter:data1\" content=\"4 minutes\" \/>\n<script type=\"application\/ld+json\" class=\"yoast-schema-graph\">{\"@context\":\"https:\\\/\\\/schema.org\",\"@graph\":[{\"@type\":\"WebPage\",\"@id\":\"https:\\\/\\\/xarxacuide.com\\\/haz-donacion\\\/\",\"url\":\"https:\\\/\\\/xarxacuide.com\\\/haz-donacion\\\/\",\"name\":\"Haz una donaci\u00f3n - ASSOCIACI\u00d3 XARXA CUIDE\",\"isPartOf\":{\"@id\":\"https:\\\/\\\/xarxacuide.com\\\/#website\"},\"datePublished\":\"2021-03-02T11:00:12+00:00\",\"dateModified\":\"2023-03-06T12:59:30+00:00\",\"breadcrumb\":{\"@id\":\"https:\\\/\\\/xarxacuide.com\\\/haz-donacion\\\/#breadcrumb\"},\"inLanguage\":\"Val-esp\",\"potentialAction\":[{\"@type\":\"ReadAction\",\"target\":[\"https:\\\/\\\/xarxacuide.com\\\/haz-donacion\\\/\"]}]},{\"@type\":\"BreadcrumbList\",\"@id\":\"https:\\\/\\\/xarxacuide.com\\\/haz-donacion\\\/#breadcrumb\",\"itemListElement\":[{\"@type\":\"ListItem\",\"position\":1,\"name\":\"Portada\",\"item\":\"https:\\\/\\\/xarxacuide.com\\\/\"},{\"@type\":\"ListItem\",\"position\":2,\"name\":\"Haz una donaci\u00f3n\"}]},{\"@type\":\"WebSite\",\"@id\":\"https:\\\/\\\/xarxacuide.com\\\/#website\",\"url\":\"https:\\\/\\\/xarxacuide.com\\\/\",\"name\":\"ASSOCIACI\u00d3 XARXA CUIDE\",\"description\":\"Espacio creado para personas cuidadoras o en situaci\u00f3n de dependencia\",\"publisher\":{\"@id\":\"https:\\\/\\\/xarxacuide.com\\\/#organization\"},\"potentialAction\":[{\"@type\":\"SearchAction\",\"target\":{\"@type\":\"EntryPoint\",\"urlTemplate\":\"https:\\\/\\\/xarxacuide.com\\\/?s={search_term_string}\"},\"query-input\":{\"@type\":\"PropertyValueSpecification\",\"valueRequired\":true,\"valueName\":\"search_term_string\"}}],\"inLanguage\":\"Val-esp\"},{\"@type\":\"Organization\",\"@id\":\"https:\\\/\\\/xarxacuide.com\\\/#organization\",\"name\":\"ASSOCIACI\u00d3 XARXA CUIDE\",\"url\":\"https:\\\/\\\/xarxacuide.com\\\/\",\"logo\":{\"@type\":\"ImageObject\",\"inLanguage\":\"Val-esp\",\"@id\":\"https:\\\/\\\/xarxacuide.com\\\/#\\\/schema\\\/logo\\\/image\\\/\",\"url\":\"http:\\\/\\\/xarxacuide.com\\\/wp-content\\\/uploads\\\/2023\\\/02\\\/logo-xarxa-rosa.png\",\"contentUrl\":\"http:\\\/\\\/xarxacuide.com\\\/wp-content\\\/uploads\\\/2023\\\/02\\\/logo-xarxa-rosa.png\",\"width\":500,\"height\":239,\"caption\":\"ASSOCIACI\u00d3 XARXA CUIDE\"},\"image\":{\"@id\":\"https:\\\/\\\/xarxacuide.com\\\/#\\\/schema\\\/logo\\\/image\\\/\"},\"sameAs\":[\"https:\\\/\\\/www.facebook.com\\\/AssociacioXarxaCuide\",\"https:\\\/\\\/x.com\\\/xarxacuide\",\"https:\\\/\\\/www.instagram.com\\\/associacio_xarxa_cuide\\\/\"]}]}<\/script>\n<!-- \/ Yoast SEO plugin. -->","yoast_head_json":{"title":"Haz una donaci\u00f3n - ASSOCIACI\u00d3 XARXA CUIDE","robots":{"index":"index","follow":"follow","max-snippet":"max-snippet:-1","max-image-preview":"max-image-preview:large","max-video-preview":"max-video-preview:-1"},"canonical":"https:\/\/xarxacuide.com\/val\/haz-donacion\/","og_locale":"en_US","og_type":"article","og_title":"Haz una donaci\u00f3n - ASSOCIACI\u00d3 XARXA CUIDE","og_description":"\u00bfNos haces una donaci\u00f3n? En Xarxa cuide no tenemos grandes gastos. Pero tambi\u00e9n es cierto que no tenemos grandes ingresos. Y como dicen que toda piedra hace pared, te animamos a que contribuyas con nosotros haciendo una donaci\u00f3n por peque\u00f1a que sea. Con el dinero de las donaciones podremos mantener los recursos para seguir haciendo [&hellip;]","og_url":"https:\/\/xarxacuide.com\/val\/haz-donacion\/","og_site_name":"ASSOCIACI\u00d3 XARXA CUIDE","article_publisher":"https:\/\/www.facebook.com\/AssociacioXarxaCuide","article_modified_time":"2023-03-06T12:59:30+00:00","twitter_card":"summary_large_image","twitter_site":"@xarxacuide","twitter_misc":{"Est. reading time":"4 minutes"},"schema":{"@context":"https:\/\/schema.org","@graph":[{"@type":"WebPage","@id":"https:\/\/xarxacuide.com\/haz-donacion\/","url":"https:\/\/xarxacuide.com\/haz-donacion\/","name":"Haz una donaci\u00f3n - ASSOCIACI\u00d3 XARXA CUIDE","isPartOf":{"@id":"https:\/\/xarxacuide.com\/#website"},"datePublished":"2021-03-02T11:00:12+00:00","dateModified":"2023-03-06T12:59:30+00:00","breadcrumb":{"@id":"https:\/\/xarxacuide.com\/haz-donacion\/#breadcrumb"},"inLanguage":"Val-esp","potentialAction":[{"@type":"ReadAction","target":["https:\/\/xarxacuide.com\/haz-donacion\/"]}]},{"@type":"BreadcrumbList","@id":"https:\/\/xarxacuide.com\/haz-donacion\/#breadcrumb","itemListElement":[{"@type":"ListItem","position":1,"name":"Portada","item":"https:\/\/xarxacuide.com\/"},{"@type":"ListItem","position":2,"name":"Haz una donaci\u00f3n"}]},{"@type":"WebSite","@id":"https:\/\/xarxacuide.com\/#website","url":"https:\/\/xarxacuide.com\/","name":"ASSOCIACI\u00d3 XARXA CUIDE","description":"Espacio creado para personas cuidadoras o en situaci\u00f3n de dependencia","publisher":{"@id":"https:\/\/xarxacuide.com\/#organization"},"potentialAction":[{"@type":"SearchAction","target":{"@type":"EntryPoint","urlTemplate":"https:\/\/xarxacuide.com\/?s={search_term_string}"},"query-input":{"@type":"PropertyValueSpecification","valueRequired":true,"valueName":"search_term_string"}}],"inLanguage":"Val-esp"},{"@type":"Organization","@id":"https:\/\/xarxacuide.com\/#organization","name":"ASSOCIACI\u00d3 XARXA CUIDE","url":"https:\/\/xarxacuide.com\/","logo":{"@type":"ImageObject","inLanguage":"Val-esp","@id":"https:\/\/xarxacuide.com\/#\/schema\/logo\/image\/","url":"http:\/\/xarxacuide.com\/wp-content\/uploads\/2023\/02\/logo-xarxa-rosa.png","contentUrl":"http:\/\/xarxacuide.com\/wp-content\/uploads\/2023\/02\/logo-xarxa-rosa.png","width":500,"height":239,"caption":"ASSOCIACI\u00d3 XARXA CUIDE"},"image":{"@id":"https:\/\/xarxacuide.com\/#\/schema\/logo\/image\/"},"sameAs":["https:\/\/www.facebook.com\/AssociacioXarxaCuide","https:\/\/x.com\/xarxacuide","https:\/\/www.instagram.com\/associacio_xarxa_cuide\/"]}]}},"_links":{"self":[{"href":"https:\/\/xarxacuide.com\/val\/wp-json\/wp\/v2\/pages\/4018","targetHints":{"allow":["GET"]}}],"collection":[{"href":"https:\/\/xarxacuide.com\/val\/wp-json\/wp\/v2\/pages"}],"about":[{"href":"https:\/\/xarxacuide.com\/val\/wp-json\/wp\/v2\/types\/page"}],"author":[{"embeddable":true,"href":"https:\/\/xarxacuide.com\/val\/wp-json\/wp\/v2\/users\/1"}],"replies":[{"embeddable":true,"href":"https:\/\/xarxacuide.com\/val\/wp-json\/wp\/v2\/comments?post=4018"}],"version-history":[{"count":22,"href":"https:\/\/xarxacuide.com\/val\/wp-json\/wp\/v2\/pages\/4018\/revisions"}],"predecessor-version":[{"id":6920,"href":"https:\/\/xarxacuide.com\/val\/wp-json\/wp\/v2\/pages\/4018\/revisions\/6920"}],"wp:attachment":[{"href":"https:\/\/xarxacuide.com\/val\/wp-json\/wp\/v2\/media?parent=4018"}],"curies":[{"name":"wp","href":"https:\/\/api.w.org\/{rel}","templated":true}]}}