{"id":7348,"date":"2024-02-23T19:24:28","date_gmt":"2024-02-23T19:24:28","guid":{"rendered":"https:\/\/xarxacuide.com\/?page_id=7348"},"modified":"2024-02-24T10:43:35","modified_gmt":"2024-02-24T10:43:35","slug":"dipticos-de-la-asociacion-en-otros-idiomas","status":"publish","type":"page","link":"https:\/\/xarxacuide.com\/val\/dipticos-de-la-asociacion-en-otros-idiomas\/","title":{"rendered":"D\u00edptics de l'associaci\u00f3 en altres idiomes"},"content":{"rendered":"<p>[et_pb_section fb_built=\u00bb1&#8243; _builder_version=\u00bb4.23.1&#8243; _module_preset=\u00bbdefault\u00bb global_colors_info=\u00bb{}\u00bb][et_pb_row _builder_version=\u00bb4.23.1&#8243; _module_preset=\u00bbdefault\u00bb global_colors_info=\u00bb{}\u00bb][et_pb_column type=\u00bb4_4&#8243; _builder_version=\u00bb4.23.1&#8243; _module_preset=\u00bbdefault\u00bb global_colors_info=\u00bb{}\u00bb][et_pb_text _builder_version=\u00bb4.23.1&#8243; _module_preset=\u00bbdefault\u00bb global_colors_info=\u00bb{}\u00bb]<\/p>\n<h1 style=\"text-align: center;\"><strong>D\u00edpticos de la asociaci\u00f3n en otros idiomas<\/strong><\/h1>\n<p>[\/et_pb_text][\/et_pb_column][\/et_pb_row][\/et_pb_section][et_pb_section fb_built=\u00bb1&#8243; _builder_version=\u00bb4.23.1&#8243; _module_preset=\u00bbdefault\u00bb global_colors_info=\u00bb{}\u00bb][et_pb_row column_structure=\u00bb1_2,1_2&#8243; _builder_version=\u00bb4.23.1&#8243; _module_preset=\u00bbdefault\u00bb global_colors_info=\u00bb{}\u00bb][et_pb_column type=\u00bb1_2&#8243; _builder_version=\u00bb4.23.1&#8243; _module_preset=\u00bbdefault\u00bb global_colors_info=\u00bb{}\u00bb][et_pb_image src=\u00bbhttp:\/\/xarxacuide.com\/wp-content\/uploads\/2024\/02\/1.png\u00bb _builder_version=\u00bb4.23.1&#8243; _module_preset=\u00bbdefault\u00bb hover_enabled=\u00bb0&#8243; global_colors_info=\u00bb{}\u00bb title_text=\u00bb1&#8243; sticky_enabled=\u00bb0&#8243;][\/et_pb_image][\/et_pb_column][et_pb_column type=\u00bb1_2&#8243; _builder_version=\u00bb4.23.1&#8243; _module_preset=\u00bbdefault\u00bb global_colors_info=\u00bb{}\u00bb][et_pb_image src=\u00bbhttp:\/\/xarxacuide.com\/wp-content\/uploads\/2024\/02\/2.png\u00bb _builder_version=\u00bb4.23.1&#8243; _module_preset=\u00bbdefault\u00bb hover_enabled=\u00bb0&#8243; global_colors_info=\u00bb{}\u00bb title_text=\u00bb2&#8243; sticky_enabled=\u00bb0&#8243;][\/et_pb_image][\/et_pb_column][\/et_pb_row][et_pb_row column_structure=\u00bb1_2,1_2&#8243; _builder_version=\u00bb4.23.1&#8243; _module_preset=\u00bbdefault\u00bb global_colors_info=\u00bb{}\u00bb][et_pb_column type=\u00bb1_2&#8243; _builder_version=\u00bb4.23.1&#8243; _module_preset=\u00bbdefault\u00bb global_colors_info=\u00bb{}\u00bb][et_pb_image src=\u00bbhttp:\/\/xarxacuide.com\/wp-content\/uploads\/2024\/02\/1-1.png\u00bb _builder_version=\u00bb4.23.1&#8243; _module_preset=\u00bbdefault\u00bb hover_enabled=\u00bb0&#8243; global_colors_info=\u00bb{}\u00bb title_text=\u00bb1&#8243; sticky_enabled=\u00bb0&#8243;][\/et_pb_image][\/et_pb_column][et_pb_column type=\u00bb1_2&#8243; _builder_version=\u00bb4.23.1&#8243; _module_preset=\u00bbdefault\u00bb global_colors_info=\u00bb{}\u00bb][et_pb_image src=\u00bbhttp:\/\/xarxacuide.com\/wp-content\/uploads\/2024\/02\/2-1.png\u00bb _builder_version=\u00bb4.23.1&#8243; _module_preset=\u00bbdefault\u00bb hover_enabled=\u00bb0&#8243; global_colors_info=\u00bb{}\u00bb title_text=\u00bb2&#8243; sticky_enabled=\u00bb0&#8243;][\/et_pb_image][\/et_pb_column][\/et_pb_row][\/et_pb_section]<\/p>\n","protected":false},"excerpt":{"rendered":"<p>D\u00edptics de l'associaci\u00f3 en altres idiomes<\/p>","protected":false},"author":1,"featured_media":0,"parent":0,"menu_order":0,"comment_status":"closed","ping_status":"closed","template":"","meta":{"_et_pb_use_builder":"on","_et_pb_old_content":"","_et_gb_content_width":"","_joinchat":[],"footnotes":""},"class_list":["post-7348","page","type-page","status-publish","hentry"],"yoast_head":"<!-- This site is optimized with the Yoast SEO plugin v27.6 - https:\/\/yoast.com\/product\/yoast-seo-wordpress\/ -->\n<title>D\u00edpticos de la asociaci\u00f3n en otros idiomas - ASSOCIACI\u00d3 XARXA CUIDE<\/title>\n<meta name=\"robots\" content=\"index, follow, max-snippet:-1, max-image-preview:large, max-video-preview:-1\" \/>\n<link rel=\"canonical\" href=\"https:\/\/xarxacuide.com\/val\/dipticos-de-la-asociacion-en-otros-idiomas\/\" \/>\n<meta property=\"og:locale\" content=\"en_US\" \/>\n<meta property=\"og:type\" content=\"article\" \/>\n<meta property=\"og:title\" content=\"D\u00edpticos de la asociaci\u00f3n en otros idiomas - ASSOCIACI\u00d3 XARXA CUIDE\" \/>\n<meta property=\"og:description\" content=\"D\u00edpticos de la asociaci\u00f3n en otros idiomas\" \/>\n<meta property=\"og:url\" content=\"https:\/\/xarxacuide.com\/val\/dipticos-de-la-asociacion-en-otros-idiomas\/\" \/>\n<meta property=\"og:site_name\" content=\"ASSOCIACI\u00d3 XARXA CUIDE\" \/>\n<meta property=\"article:publisher\" content=\"https:\/\/www.facebook.com\/AssociacioXarxaCuide\" \/>\n<meta property=\"article:modified_time\" content=\"2024-02-24T10:43:35+00:00\" \/>\n<meta name=\"twitter:card\" content=\"summary_large_image\" \/>\n<meta name=\"twitter:site\" content=\"@xarxacuide\" \/>\n<script type=\"application\/ld+json\" class=\"yoast-schema-graph\">{\"@context\":\"https:\\\/\\\/schema.org\",\"@graph\":[{\"@type\":\"WebPage\",\"@id\":\"https:\\\/\\\/xarxacuide.com\\\/dipticos-de-la-asociacion-en-otros-idiomas\\\/\",\"url\":\"https:\\\/\\\/xarxacuide.com\\\/dipticos-de-la-asociacion-en-otros-idiomas\\\/\",\"name\":\"D\u00edpticos de la asociaci\u00f3n en otros idiomas - ASSOCIACI\u00d3 XARXA CUIDE\",\"isPartOf\":{\"@id\":\"https:\\\/\\\/xarxacuide.com\\\/#website\"},\"datePublished\":\"2024-02-23T19:24:28+00:00\",\"dateModified\":\"2024-02-24T10:43:35+00:00\",\"breadcrumb\":{\"@id\":\"https:\\\/\\\/xarxacuide.com\\\/dipticos-de-la-asociacion-en-otros-idiomas\\\/#breadcrumb\"},\"inLanguage\":\"Val-esp\",\"potentialAction\":[{\"@type\":\"ReadAction\",\"target\":[\"https:\\\/\\\/xarxacuide.com\\\/dipticos-de-la-asociacion-en-otros-idiomas\\\/\"]}]},{\"@type\":\"BreadcrumbList\",\"@id\":\"https:\\\/\\\/xarxacuide.com\\\/dipticos-de-la-asociacion-en-otros-idiomas\\\/#breadcrumb\",\"itemListElement\":[{\"@type\":\"ListItem\",\"position\":1,\"name\":\"Portada\",\"item\":\"https:\\\/\\\/xarxacuide.com\\\/\"},{\"@type\":\"ListItem\",\"position\":2,\"name\":\"D\u00edpticos de la asociaci\u00f3n en otros idiomas\"}]},{\"@type\":\"WebSite\",\"@id\":\"https:\\\/\\\/xarxacuide.com\\\/#website\",\"url\":\"https:\\\/\\\/xarxacuide.com\\\/\",\"name\":\"ASSOCIACI\u00d3 XARXA CUIDE\",\"description\":\"Espacio creado para personas cuidadoras o en situaci\u00f3n de dependencia\",\"publisher\":{\"@id\":\"https:\\\/\\\/xarxacuide.com\\\/#organization\"},\"potentialAction\":[{\"@type\":\"SearchAction\",\"target\":{\"@type\":\"EntryPoint\",\"urlTemplate\":\"https:\\\/\\\/xarxacuide.com\\\/?s={search_term_string}\"},\"query-input\":{\"@type\":\"PropertyValueSpecification\",\"valueRequired\":true,\"valueName\":\"search_term_string\"}}],\"inLanguage\":\"Val-esp\"},{\"@type\":\"Organization\",\"@id\":\"https:\\\/\\\/xarxacuide.com\\\/#organization\",\"name\":\"ASSOCIACI\u00d3 XARXA CUIDE\",\"url\":\"https:\\\/\\\/xarxacuide.com\\\/\",\"logo\":{\"@type\":\"ImageObject\",\"inLanguage\":\"Val-esp\",\"@id\":\"https:\\\/\\\/xarxacuide.com\\\/#\\\/schema\\\/logo\\\/image\\\/\",\"url\":\"http:\\\/\\\/xarxacuide.com\\\/wp-content\\\/uploads\\\/2023\\\/02\\\/logo-xarxa-rosa.png\",\"contentUrl\":\"http:\\\/\\\/xarxacuide.com\\\/wp-content\\\/uploads\\\/2023\\\/02\\\/logo-xarxa-rosa.png\",\"width\":500,\"height\":239,\"caption\":\"ASSOCIACI\u00d3 XARXA CUIDE\"},\"image\":{\"@id\":\"https:\\\/\\\/xarxacuide.com\\\/#\\\/schema\\\/logo\\\/image\\\/\"},\"sameAs\":[\"https:\\\/\\\/www.facebook.com\\\/AssociacioXarxaCuide\",\"https:\\\/\\\/x.com\\\/xarxacuide\",\"https:\\\/\\\/www.instagram.com\\\/associacio_xarxa_cuide\\\/\"]}]}<\/script>\n<!-- \/ Yoast SEO plugin. -->","yoast_head_json":{"title":"D\u00edpticos de la asociaci\u00f3n en otros idiomas - ASSOCIACI\u00d3 XARXA CUIDE","robots":{"index":"index","follow":"follow","max-snippet":"max-snippet:-1","max-image-preview":"max-image-preview:large","max-video-preview":"max-video-preview:-1"},"canonical":"https:\/\/xarxacuide.com\/val\/dipticos-de-la-asociacion-en-otros-idiomas\/","og_locale":"en_US","og_type":"article","og_title":"D\u00edpticos de la asociaci\u00f3n en otros idiomas - ASSOCIACI\u00d3 XARXA CUIDE","og_description":"D\u00edpticos de la asociaci\u00f3n en otros idiomas","og_url":"https:\/\/xarxacuide.com\/val\/dipticos-de-la-asociacion-en-otros-idiomas\/","og_site_name":"ASSOCIACI\u00d3 XARXA CUIDE","article_publisher":"https:\/\/www.facebook.com\/AssociacioXarxaCuide","article_modified_time":"2024-02-24T10:43:35+00:00","twitter_card":"summary_large_image","twitter_site":"@xarxacuide","schema":{"@context":"https:\/\/schema.org","@graph":[{"@type":"WebPage","@id":"https:\/\/xarxacuide.com\/dipticos-de-la-asociacion-en-otros-idiomas\/","url":"https:\/\/xarxacuide.com\/dipticos-de-la-asociacion-en-otros-idiomas\/","name":"D\u00edpticos de la asociaci\u00f3n en otros idiomas - ASSOCIACI\u00d3 XARXA CUIDE","isPartOf":{"@id":"https:\/\/xarxacuide.com\/#website"},"datePublished":"2024-02-23T19:24:28+00:00","dateModified":"2024-02-24T10:43:35+00:00","breadcrumb":{"@id":"https:\/\/xarxacuide.com\/dipticos-de-la-asociacion-en-otros-idiomas\/#breadcrumb"},"inLanguage":"Val-esp","potentialAction":[{"@type":"ReadAction","target":["https:\/\/xarxacuide.com\/dipticos-de-la-asociacion-en-otros-idiomas\/"]}]},{"@type":"BreadcrumbList","@id":"https:\/\/xarxacuide.com\/dipticos-de-la-asociacion-en-otros-idiomas\/#breadcrumb","itemListElement":[{"@type":"ListItem","position":1,"name":"Portada","item":"https:\/\/xarxacuide.com\/"},{"@type":"ListItem","position":2,"name":"D\u00edpticos de la asociaci\u00f3n en otros idiomas"}]},{"@type":"WebSite","@id":"https:\/\/xarxacuide.com\/#website","url":"https:\/\/xarxacuide.com\/","name":"ASSOCIACI\u00d3 XARXA CUIDE","description":"Espacio creado para personas cuidadoras o en situaci\u00f3n de dependencia","publisher":{"@id":"https:\/\/xarxacuide.com\/#organization"},"potentialAction":[{"@type":"SearchAction","target":{"@type":"EntryPoint","urlTemplate":"https:\/\/xarxacuide.com\/?s={search_term_string}"},"query-input":{"@type":"PropertyValueSpecification","valueRequired":true,"valueName":"search_term_string"}}],"inLanguage":"Val-esp"},{"@type":"Organization","@id":"https:\/\/xarxacuide.com\/#organization","name":"ASSOCIACI\u00d3 XARXA CUIDE","url":"https:\/\/xarxacuide.com\/","logo":{"@type":"ImageObject","inLanguage":"Val-esp","@id":"https:\/\/xarxacuide.com\/#\/schema\/logo\/image\/","url":"http:\/\/xarxacuide.com\/wp-content\/uploads\/2023\/02\/logo-xarxa-rosa.png","contentUrl":"http:\/\/xarxacuide.com\/wp-content\/uploads\/2023\/02\/logo-xarxa-rosa.png","width":500,"height":239,"caption":"ASSOCIACI\u00d3 XARXA CUIDE"},"image":{"@id":"https:\/\/xarxacuide.com\/#\/schema\/logo\/image\/"},"sameAs":["https:\/\/www.facebook.com\/AssociacioXarxaCuide","https:\/\/x.com\/xarxacuide","https:\/\/www.instagram.com\/associacio_xarxa_cuide\/"]}]}},"_links":{"self":[{"href":"https:\/\/xarxacuide.com\/val\/wp-json\/wp\/v2\/pages\/7348","targetHints":{"allow":["GET"]}}],"collection":[{"href":"https:\/\/xarxacuide.com\/val\/wp-json\/wp\/v2\/pages"}],"about":[{"href":"https:\/\/xarxacuide.com\/val\/wp-json\/wp\/v2\/types\/page"}],"author":[{"embeddable":true,"href":"https:\/\/xarxacuide.com\/val\/wp-json\/wp\/v2\/users\/1"}],"replies":[{"embeddable":true,"href":"https:\/\/xarxacuide.com\/val\/wp-json\/wp\/v2\/comments?post=7348"}],"version-history":[{"count":3,"href":"https:\/\/xarxacuide.com\/val\/wp-json\/wp\/v2\/pages\/7348\/revisions"}],"predecessor-version":[{"id":7359,"href":"https:\/\/xarxacuide.com\/val\/wp-json\/wp\/v2\/pages\/7348\/revisions\/7359"}],"wp:attachment":[{"href":"https:\/\/xarxacuide.com\/val\/wp-json\/wp\/v2\/media?parent=7348"}],"curies":[{"name":"wp","href":"https:\/\/api.w.org\/{rel}","templated":true}]}}